{"id":621,"date":"2019-04-17T10:04:40","date_gmt":"2019-04-17T10:04:40","guid":{"rendered":"https:\/\/websitedemos.net\/life-coach-sara-john\/?page_id=621"},"modified":"2024-01-16T23:46:32","modified_gmt":"2024-01-16T23:46:32","slug":"about-marabianchini","status":"publish","type":"page","link":"https:\/\/thewellnessways.com\/it\/about-marabianchini\/","title":{"rendered":"A proposito di Mara"},"content":{"rendered":"<div data-elementor-type=\"wp-post\" data-elementor-id=\"621\" class=\"elementor elementor-621\">\n\t\t\t\t\t\t<section class=\"elementor-section elementor-top-section elementor-element elementor-element-13a93292 elementor-section-full_width elementor-section-height-default elementor-section-height-default\" data-id=\"13a93292\" data-element_type=\"section\" data-e-type=\"section\" data-settings=\"{&quot;background_background&quot;:&quot;classic&quot;}\">\n\t\t\t\t\t\t\t<div class=\"elementor-background-overlay\"><\/div>\n\t\t\t\t\t\t\t<div class=\"elementor-container elementor-column-gap-default\">\n\t\t\t\t\t<div class=\"elementor-column elementor-col-100 elementor-top-column elementor-element elementor-element-25748b2d\" data-id=\"25748b2d\" data-element_type=\"column\" data-e-type=\"column\">\n\t\t\t<div class=\"elementor-widget-wrap elementor-element-populated\">\n\t\t\t\t\t\t<div class=\"elementor-element elementor-element-3f91317 elementor-widget elementor-widget-heading\" data-id=\"3f91317\" data-element_type=\"widget\" data-e-type=\"widget\" data-widget_type=\"heading.default\">\n\t\t\t\t<div class=\"elementor-widget-container\">\n\t\t\t\t\t<h2 class=\"elementor-heading-title elementor-size-default\">A proposito di Mara <\/h2>\t\t\t\t<\/div>\n\t\t\t\t<\/div>\n\t\t\t\t\t<\/div>\n\t\t<\/div>\n\t\t\t\t\t<\/div>\n\t\t<\/section>\n\t\t\t\t<section class=\"elementor-section elementor-top-section elementor-element elementor-element-758d8c04 elementor-section-boxed elementor-section-height-default elementor-section-height-default\" data-id=\"758d8c04\" data-element_type=\"section\" data-e-type=\"section\">\n\t\t\t\t\t\t<div class=\"elementor-container elementor-column-gap-wide\">\n\t\t\t\t\t<div class=\"elementor-column elementor-col-33 elementor-top-column elementor-element elementor-element-43ba58ae\" data-id=\"43ba58ae\" data-element_type=\"column\" data-e-type=\"column\">\n\t\t\t<div class=\"elementor-widget-wrap elementor-element-populated\">\n\t\t\t\t\t\t<div class=\"elementor-element elementor-element-82f9958 elementor-widget elementor-widget-image\" data-id=\"82f9958\" data-element_type=\"widget\" data-e-type=\"widget\" data-widget_type=\"image.default\">\n\t\t\t\t<div class=\"elementor-widget-container\">\n\t\t\t\t\t\t\t\t\t\t\t\t<figure class=\"wp-caption\">\n\t\t\t\t\t\t\t\t\t\t<img decoding=\"async\" src=\"https:\/\/thewellnessways.com\/wp-content\/uploads\/elementor\/thumbs\/IMG_3836-oprn2t6gj4uernztn3tstvhh41vjmdo5biwof85f5s.jpg\" title=\"About Mara Bianchini\" alt=\"About Mara Bianchini\" loading=\"lazy\" \/>\t\t\t\t\t\t\t\t\t\t\t<figcaption class=\"widget-image-caption wp-caption-text\"><\/figcaption>\n\t\t\t\t\t\t\t\t\t\t<\/figure>\n\t\t\t\t\t\t\t\t\t<\/div>\n\t\t\t\t<\/div>\n\t\t\t\t\t<\/div>\n\t\t<\/div>\n\t\t\t\t<div class=\"elementor-column elementor-col-66 elementor-top-column elementor-element elementor-element-15249d1d\" data-id=\"15249d1d\" data-element_type=\"column\" data-e-type=\"column\">\n\t\t\t<div class=\"elementor-widget-wrap elementor-element-populated\">\n\t\t\t\t\t\t<div class=\"elementor-element elementor-element-13a9b180 elementor-widget elementor-widget-text-editor\" data-id=\"13a9b180\" data-element_type=\"widget\" data-e-type=\"widget\" data-widget_type=\"text-editor.default\">\n\t\t\t\t<div class=\"elementor-widget-container\">\n\t\t\t\t\t\t\t\t\t<p>Rispondere alla domanda \u201cChi sono?\u201d pu\u00f2 risultare difficile, poich\u00e9 spesso ci identifichiamo con il lavoro che facciamo perdendo di vista il \u201cchi sono\u201d realmente. Potrei definirmi attraverso tutti i percorsi di studi intrapresi, diplomi, certificati, master, ecc, ma sono semplicemente un essere umano di nome Mara Bianchini, sono quella persona in grado di accompagnarti in un viaggio e in un percorso verso il benessere di corpo, mente e spirito. Grazie al mio approccio olistico ho fondato<a href=\"https:\/\/thewellnessways.com\/it\/thewellnessways\/\" target=\"_blank\">The Wellness Ways<\/a>un insieme di percorsi che ti condurranno verso un benessere a 360 gradi.<\/p>\t\t\t\t\t\t\t\t<\/div>\n\t\t\t\t<\/div>\n\t\t\t\t<div class=\"elementor-element elementor-element-400fba0 elementor-widget elementor-widget-text-editor\" data-id=\"400fba0\" data-element_type=\"widget\" data-e-type=\"widget\" data-widget_type=\"text-editor.default\">\n\t\t\t\t<div class=\"elementor-widget-container\">\n\t\t\t\t\t\t\t\t\t<p>Se dovessi usare parole per descrivermi sarebbero queste:\nViaggiatrice, Visionaria, Ricercatrice, Studiosa, Scrittrice\u2026ma anche moglie, amante della cucina, curiosa, intraprendente, determinata e fondatrice di \u201cThe Wellness Ways\u201d.<\/p>\t\t\t\t\t\t\t\t<\/div>\n\t\t\t\t<\/div>\n\t\t\t\t\t<\/div>\n\t\t<\/div>\n\t\t\t\t\t<\/div>\n\t\t<\/section>\n\t\t\t\t<section class=\"elementor-section elementor-top-section elementor-element elementor-element-fccf9df elementor-section-boxed elementor-section-height-default elementor-section-height-default\" data-id=\"fccf9df\" data-element_type=\"section\" data-e-type=\"section\">\n\t\t\t\t\t\t<div class=\"elementor-container elementor-column-gap-default\">\n\t\t\t\t\t<div class=\"elementor-column elementor-col-100 elementor-top-column elementor-element elementor-element-fe4a159\" data-id=\"fe4a159\" data-element_type=\"column\" data-e-type=\"column\">\n\t\t\t<div class=\"elementor-widget-wrap elementor-element-populated\">\n\t\t\t\t\t\t<div class=\"elementor-element elementor-element-2f8a465 elementor-widget elementor-widget-heading\" data-id=\"2f8a465\" data-element_type=\"widget\" data-e-type=\"widget\" data-widget_type=\"heading.default\">\n\t\t\t\t<div class=\"elementor-widget-container\">\n\t\t\t\t\t<h2 class=\"elementor-heading-title elementor-size-default\">La mia storia<\/h2>\t\t\t\t<\/div>\n\t\t\t\t<\/div>\n\t\t\t\t\t<\/div>\n\t\t<\/div>\n\t\t\t\t\t<\/div>\n\t\t<\/section>\n\t\t\t\t<section class=\"elementor-section elementor-top-section elementor-element elementor-element-b7f3264 elementor-section-boxed elementor-section-height-default elementor-section-height-default\" data-id=\"b7f3264\" data-element_type=\"section\" data-e-type=\"section\">\n\t\t\t\t\t\t<div class=\"elementor-container elementor-column-gap-default\">\n\t\t\t\t\t<div class=\"elementor-column elementor-col-50 elementor-top-column elementor-element elementor-element-49cedfa\" data-id=\"49cedfa\" data-element_type=\"column\" data-e-type=\"column\">\n\t\t\t<div class=\"elementor-widget-wrap elementor-element-populated\">\n\t\t\t\t\t\t<div class=\"elementor-element elementor-element-6d7fdb7 elementor-widget elementor-widget-text-editor\" data-id=\"6d7fdb7\" data-element_type=\"widget\" data-e-type=\"widget\" data-widget_type=\"text-editor.default\">\n\t\t\t\t<div class=\"elementor-widget-container\">\n\t\t\t\t\t\t\t\t\t<p>La mia formazione inizia con il diploma in \u201cPerito Industriale Capo Tecnico specializzazione Chimica\u201d nel 2009 e con l\u2019inizio del percorso universitario in \u201cScienze Farmaceutiche Applicate\u201d curricula \u201cScienze Erboristiche\u201d, che mi ha fatto conseguire il titolo di dottoressa in questo campo specifico nel 2014.<\/p><p>Nel 2012, in concomitanza con gli studi universitari, mi avvicinai a una scuola di Naturopatia dove intrapresi dei corsi di massaggio olistico. Ovviamente gli studi conseguiti successivamente si differenziano rispetto al percorso universitario.<\/p><p>In questi anni ho intrapreso percorsi di meditazione intensi e di miglioramento personale. Il continuo lavoro su me stessa (ve lo assicuro non si finisce mai) mi ha permesso e mi permette tutt\u2019oggi di poter aiutare centinaia di persone.<\/p><p>\u00a0<\/p>\t\t\t\t\t\t\t\t<\/div>\n\t\t\t\t<\/div>\n\t\t\t\t\t<\/div>\n\t\t<\/div>\n\t\t\t\t<div class=\"elementor-column elementor-col-50 elementor-top-column elementor-element elementor-element-b8b1588\" data-id=\"b8b1588\" data-element_type=\"column\" data-e-type=\"column\">\n\t\t\t<div class=\"elementor-widget-wrap elementor-element-populated\">\n\t\t\t\t\t\t<div class=\"elementor-element elementor-element-e750fe4 elementor-widget elementor-widget-image\" data-id=\"e750fe4\" data-element_type=\"widget\" data-e-type=\"widget\" data-widget_type=\"image.default\">\n\t\t\t\t<div class=\"elementor-widget-container\">\n\t\t\t\t\t\t\t\t\t\t\t\t\t\t\t<img fetchpriority=\"high\" decoding=\"async\" width=\"285\" height=\"295\" src=\"https:\/\/thewellnessways.com\/wp-content\/uploads\/2019\/12\/1455843_852624961420176_529053439_n.jpg\" class=\"attachment-large size-large wp-image-940\" alt=\"Mara Bianchini\" \/>\t\t\t\t\t\t\t\t\t\t\t\t\t\t\t<\/div>\n\t\t\t\t<\/div>\n\t\t\t\t<div class=\"elementor-element elementor-element-07ba9f4 elementor-widget elementor-widget-heading\" data-id=\"07ba9f4\" data-element_type=\"widget\" data-e-type=\"widget\" data-widget_type=\"heading.default\">\n\t\t\t\t<div class=\"elementor-widget-container\">\n\t\t\t\t\t<h1 class=\"elementor-heading-title elementor-size-default\">\"La Passione Per Lo Studio E La Ricerca Fanno Di Me Una Perenne Allieva, Nonostante Abbia Qualcosa Da Insegnare.\"<\/h1>\t\t\t\t<\/div>\n\t\t\t\t<\/div>\n\t\t\t\t<div class=\"elementor-element elementor-element-6f86546 elementor-widget elementor-widget-heading\" data-id=\"6f86546\" data-element_type=\"widget\" data-e-type=\"widget\" data-widget_type=\"heading.default\">\n\t\t\t\t<div class=\"elementor-widget-container\">\n\t\t\t\t\t<h2 class=\"elementor-heading-title elementor-size-medium\">\"Amo la natura, Adoro gli animali e sono Grata alla Vita\"<\/h2>\t\t\t\t<\/div>\n\t\t\t\t<\/div>\n\t\t\t\t\t<\/div>\n\t\t<\/div>\n\t\t\t\t\t<\/div>\n\t\t<\/section>\n\t\t\t\t<section class=\"elementor-section elementor-top-section elementor-element elementor-element-efda012 elementor-section-boxed elementor-section-height-default elementor-section-height-default\" data-id=\"efda012\" data-element_type=\"section\" data-e-type=\"section\">\n\t\t\t\t\t\t<div class=\"elementor-container elementor-column-gap-default\">\n\t\t\t\t\t<div class=\"elementor-column elementor-col-100 elementor-top-column elementor-element elementor-element-e4a7b6a\" data-id=\"e4a7b6a\" data-element_type=\"column\" data-e-type=\"column\">\n\t\t\t<div class=\"elementor-widget-wrap elementor-element-populated\">\n\t\t\t\t\t\t<div class=\"elementor-element elementor-element-1089de8 elementor-widget elementor-widget-heading\" data-id=\"1089de8\" data-element_type=\"widget\" data-e-type=\"widget\" data-widget_type=\"heading.default\">\n\t\t\t\t<div class=\"elementor-widget-container\">\n\t\t\t\t\t<h2 class=\"elementor-heading-title elementor-size-default\">\"Iniziare un percorso di amore verso te stesso, \u00e8 la cosa pi\u00f9 meravigliosa che puoi fare oggi, senza aspettare domani\".<\/h2>\t\t\t\t<\/div>\n\t\t\t\t<\/div>\n\t\t\t\t\t<\/div>\n\t\t<\/div>\n\t\t\t\t\t<\/div>\n\t\t<\/section>\n\t\t\t\t<section class=\"elementor-section elementor-top-section elementor-element elementor-element-3009bdc elementor-section-boxed elementor-section-height-default elementor-section-height-default\" data-id=\"3009bdc\" data-element_type=\"section\" data-e-type=\"section\">\n\t\t\t\t\t\t<div class=\"elementor-container elementor-column-gap-default\">\n\t\t\t\t\t<div class=\"elementor-column elementor-col-50 elementor-top-column elementor-element elementor-element-cad07df\" data-id=\"cad07df\" data-element_type=\"column\" data-e-type=\"column\">\n\t\t\t<div class=\"elementor-widget-wrap elementor-element-populated\">\n\t\t\t\t\t\t<div class=\"elementor-element elementor-element-b5de79c elementor-widget elementor-widget-text-editor\" data-id=\"b5de79c\" data-element_type=\"widget\" data-e-type=\"widget\" data-widget_type=\"text-editor.default\">\n\t\t\t\t<div class=\"elementor-widget-container\">\n\t\t\t\t\t\t\t\t\t<p>Situazioni, persone e problematiche nuove mi portarono a intraprendere nuovi percorsi di studi come\u00a0<a href=\"https:\/\/www.ctaamembers.com\/\" target=\"_blank\" rel=\"noopener\">nutrizione,<\/a>,\u00a0<a href=\"https:\/\/thewellnessways.com\/it\/overcome-emotional-difficulties-through-flower-therapy\/\" target=\"_blank\" rel=\"noopener\">Fiori di Bach<\/a>, e\u00a0<a href=\"https:\/\/thewellnessways.com\/it\/aromatherapy-always-with-you\/\" target=\"_blank\" rel=\"noopener\">aromaterapia<\/a>.<\/p><p>Nell\u2019aprile del 2019 dopo tre livelli e circa tre anni di studi, lezioni e prove mi venne consegnato il diploma di Master Reiki, diventando cos\u00ec\u00a0<a href=\"http:\/\/www.komyoreiki.it\/operatori_komyoreiki.htm\" target=\"_blank\" rel=\"noopener\">insegnante.<\/a>.<\/p><p>Tutto questo percorso, che ancora prosegue, mi ha permesso di comprendere e accettare che ogni singola persona \u00e8 un mondo e quindi necessita di attenzioni, approcci e trattamenti specifici e diversi. Questo comporta che per poter suggerire un certo percorso verso il benessere \u00e8 necessario utilizzare una parte di conoscenza che arriva da quello studio aggiunto a un altro, o ad altri frammenti di conoscenze e studi provenienti da altri percorsi di formazione. La scelta di un trattamento rispetto a un altro o l\u2019unione di pi\u00f9 tecniche non segue protocolli specifici, ma segue le necessit\u00e0 della persona.<\/p>\t\t\t\t\t\t\t\t<\/div>\n\t\t\t\t<\/div>\n\t\t\t\t\t<\/div>\n\t\t<\/div>\n\t\t\t\t<div class=\"elementor-column elementor-col-50 elementor-top-column elementor-element elementor-element-054c1ff\" data-id=\"054c1ff\" data-element_type=\"column\" data-e-type=\"column\">\n\t\t\t<div class=\"elementor-widget-wrap elementor-element-populated\">\n\t\t\t\t\t\t<div class=\"elementor-element elementor-element-260c69d elementor-widget elementor-widget-image\" data-id=\"260c69d\" data-element_type=\"widget\" data-e-type=\"widget\" data-widget_type=\"image.default\">\n\t\t\t\t<div class=\"elementor-widget-container\">\n\t\t\t\t\t\t\t\t\t\t\t\t\t\t\t<img decoding=\"async\" src=\"https:\/\/thewellnessways.com\/wp-content\/uploads\/elementor\/thumbs\/IMG_5036-ozyv4uman28lgcof70yb0lsscipvfb6h6wzfqlsq2o.jpg\" title=\"The Wellness Ways\" alt=\"The Wellness Ways\" loading=\"lazy\" \/>\t\t\t\t\t\t\t\t\t\t\t\t\t\t\t<\/div>\n\t\t\t\t<\/div>\n\t\t\t\t\t<\/div>\n\t\t<\/div>\n\t\t\t\t\t<\/div>\n\t\t<\/section>\n\t\t\t\t<section class=\"elementor-section elementor-top-section elementor-element elementor-element-c106949 elementor-section-boxed elementor-section-height-default elementor-section-height-default\" data-id=\"c106949\" data-element_type=\"section\" data-e-type=\"section\">\n\t\t\t\t\t\t<div class=\"elementor-container elementor-column-gap-wide\">\n\t\t\t\t\t<div class=\"elementor-column elementor-col-100 elementor-top-column elementor-element elementor-element-eb2d1e0\" data-id=\"eb2d1e0\" data-element_type=\"column\" data-e-type=\"column\">\n\t\t\t<div class=\"elementor-widget-wrap elementor-element-populated\">\n\t\t\t\t\t\t<div class=\"elementor-element elementor-element-5422a6f elementor-widget elementor-widget-heading\" data-id=\"5422a6f\" data-element_type=\"widget\" data-e-type=\"widget\" data-widget_type=\"heading.default\">\n\t\t\t\t<div class=\"elementor-widget-container\">\n\t\t\t\t\t<h2 class=\"elementor-heading-title elementor-size-default\">Il Mio Metodo<\/h2>\t\t\t\t<\/div>\n\t\t\t\t<\/div>\n\t\t\t\t<div class=\"elementor-element elementor-element-4ba299e elementor-widget elementor-widget-text-editor\" data-id=\"4ba299e\" data-element_type=\"widget\" data-e-type=\"widget\" data-widget_type=\"text-editor.default\">\n\t\t\t\t<div class=\"elementor-widget-container\">\n\t\t\t\t\t\t\t\t\t<p>Dal 2013 lavoro a stretto contatto con le persone e ho creato un metodo di lavoro che non solo funziona, ma migliora la vita delle persone. La formazione universitaria mi ha fatto sviluppare una mente scientifica e logica, mentre la scuola dei massaggi, il percorso Reiki, lo studio del test muscolare e della Floriterapia mi hanno fatto crescere spiritualmente, hanno incrementato la mia creativit\u00e0 e hanno potenziato le mie intuizioni. Sono riuscita quindi a combinare questi due aspetti della mia formazione in un unica metodologia. Per me quindi \u201cThe Wellness Ways\u201d non \u00e8 solo un blog, ma \u00e8 un metodo che tutti possono e dovrebbero seguire. Vi racconto brevemente di cosa si tratta cosi potete comprendere meglio quello che sto dicendo.<\/p><p>Fin dall\u2019infanzia, dove purtroppo non ho molta memoria, mi sono sempre differenziata per la mia forte sensibilit\u00e0, intuitivit\u00e0 ed empatia. Con gli anni, crescendo, queste caratteristiche non sono state coltivate, anzi, direi proprio negate, per paura del giudizio altrui. Il percorso di studio che ho affrontato ha fatto riemergere queste particolarit\u00e0 trasformandole in qualcosa di un pochino pi\u00f9 forte. La capacit\u00e0 di percepire i malesseri delle persone semplicemente trattandoli con massaggi o reiki si \u00e8 sviluppata quando ho deciso di accettarla. Cosi al termine di ogni trattamento ero e sono in grado di dare un quadro completo energetico, spirituale e fisico alle persone e di conseguenza aiutarli con un percorso di miglioramento. Questo percorso di miglioramento comprende l\u2019unione di vari studi. Questo \u00e8 anche il motivo per cui non posso e non potr\u00f2 mai smettere di studiare e informarmi riguardo a tutte le metodologie di cure alternative. Negli ultimi anni ho deciso di dare un nome a questa tipologia di miglioramento olistico in modo che cosi altre persone possano imparare, aprire la mente, comprendere e stare meglio. Quindi \u201cThe Wellness Ways\u201d \u00e8 basato sull\u2019unione di vari studi che mirano a un equilibrio totale della persona con lo scopo di portare benessere.<\/p><p>\u00a0<\/p>\t\t\t\t\t\t\t\t<\/div>\n\t\t\t\t<\/div>\n\t\t\t\t\t<\/div>\n\t\t<\/div>\n\t\t\t\t\t<\/div>\n\t\t<\/section>\n\t\t\t\t<section class=\"elementor-section elementor-top-section elementor-element elementor-element-16793481 elementor-section-height-min-height elementor-section-items-stretch elementor-section-content-middle elementor-section-boxed elementor-section-height-default\" data-id=\"16793481\" data-element_type=\"section\" data-e-type=\"section\" data-settings=\"{&quot;background_background&quot;:&quot;gradient&quot;,&quot;shape_divider_bottom&quot;:&quot;curve&quot;,&quot;shape_divider_top&quot;:&quot;opacity-fan&quot;}\">\n\t\t\t\t\t\t\t<div class=\"elementor-background-overlay\"><\/div>\n\t\t\t\t\t\t<div class=\"elementor-shape elementor-shape-top\" aria-hidden=\"true\" data-negative=\"false\">\n\t\t\t<svg xmlns=\"http:\/\/www.w3.org\/2000\/svg\" viewbox=\"0 0 283.5 19.6\" preserveaspectratio=\"none\">\n\t<path class=\"elementor-shape-fill\" style=\"opacity:0.33\" d=\"M0 0L0 18.8 141.8 4.1 283.5 18.8 283.5 0z\"\/>\n\t<path class=\"elementor-shape-fill\" style=\"opacity:0.33\" d=\"M0 0L0 12.6 141.8 4 283.5 12.6 283.5 0z\"\/>\n\t<path class=\"elementor-shape-fill\" style=\"opacity:0.33\" d=\"M0 0L0 6.4 141.8 4 283.5 6.4 283.5 0z\"\/>\n\t<path class=\"elementor-shape-fill\" d=\"M0 0L0 1.2 141.8 4 283.5 1.2 283.5 0z\"\/>\n<\/svg>\t\t<\/div>\n\t\t\t\t<div class=\"elementor-shape elementor-shape-bottom\" aria-hidden=\"true\" data-negative=\"false\">\n\t\t\t<svg xmlns=\"http:\/\/www.w3.org\/2000\/svg\" viewbox=\"0 0 1000 100\" preserveaspectratio=\"none\">\n    <path class=\"elementor-shape-fill\" d=\"M1000,4.3V0H0v4.3C0.9,23.1,126.7,99.2,500,100S1000,22.7,1000,4.3z\"\/>\n<\/svg>\t\t<\/div>\n\t\t\t\t\t<div class=\"elementor-container elementor-column-gap-wide\">\n\t\t\t\t\t<div class=\"elementor-column elementor-col-100 elementor-top-column elementor-element elementor-element-14115da3\" data-id=\"14115da3\" data-element_type=\"column\" data-e-type=\"column\">\n\t\t\t<div class=\"elementor-widget-wrap elementor-element-populated\">\n\t\t\t\t\t\t<div class=\"elementor-element elementor-element-f26f95d elementor-widget elementor-widget-heading\" data-id=\"f26f95d\" data-element_type=\"widget\" data-e-type=\"widget\" data-widget_type=\"heading.default\">\n\t\t\t\t<div class=\"elementor-widget-container\">\n\t\t\t\t\t<h2 class=\"elementor-heading-title elementor-size-default\">Ringraziamenti... <\/h2>\t\t\t\t<\/div>\n\t\t\t\t<\/div>\n\t\t\t\t<div class=\"elementor-element elementor-element-4d2043e elementor-widget elementor-widget-heading\" data-id=\"4d2043e\" data-element_type=\"widget\" data-e-type=\"widget\" data-widget_type=\"heading.default\">\n\t\t\t\t<div class=\"elementor-widget-container\">\n\t\t\t\t\t<h2 class=\"elementor-heading-title elementor-size-default\">La gratitudine nella mia vita \u00e8 di fondamentale importanza e la parola \"grazie\" porta con s\u00e9 una forte positivit\u00e0 e magia. Infatti se ci pensiamo il dire \"grazie\" regala sorrisi, accoglienza e gentilezza quasi inaspettata tanto da renderla magica. Quindi in questa piccola sezione voglio ringraziare mio marito Alessandro per sostenermi, per condividere la vita e per la collaborazione importantissima nella nascita e crescita di progetti come questo blog. Desidero dire un GRAZIE a tutti i miei clienti perch\u00e9, anche se loro non se ne rendono conto, sono dei grandi maestri. Ringrazio tutti gli amici e familiari che credono in questo progetto di miglioramento per noi stessi e gli altri. Ma sopratutto GRAZIE a te, amico e lettore, che sei qui su questo blog per imparare e condividere.<\/h2>\t\t\t\t<\/div>\n\t\t\t\t<\/div>\n\t\t\t\t\t<\/div>\n\t\t<\/div>\n\t\t\t\t\t<\/div>\n\t\t<\/section>\n\t\t\t\t<\/div>","protected":false},"excerpt":{"rendered":"<p>About Mara Answer the question &#8220;Who am I?&#8221; it can be difficult, since we often identify with the work we do, losing sight of who we really are. I could define myself through all the courses of study undertaken, diplomas, certificates, masters, etc., but I am simply a human being named Mara Bianchini, I am [&hellip;]<\/p>","protected":false},"author":1,"featured_media":0,"parent":0,"menu_order":0,"comment_status":"closed","ping_status":"closed","template":"","meta":{"_uag_custom_page_level_css":"","_exactmetrics_skip_tracking":false,"_exactmetrics_sitenote_active":false,"_exactmetrics_sitenote_note":"","_exactmetrics_sitenote_category":0,"site-sidebar-layout":"no-sidebar","site-content-layout":"page-builder","ast-site-content-layout":"default","site-content-style":"default","site-sidebar-style":"default","ast-global-header-display":"","ast-banner-title-visibility":"","ast-main-header-display":"","ast-hfb-above-header-display":"","ast-hfb-below-header-display":"","ast-hfb-mobile-header-display":"","site-post-title":"disabled","ast-breadcrumbs-content":"","ast-featured-img":"disabled","footer-sml-layout":"","ast-disable-related-posts":"","theme-transparent-header-meta":"default","adv-header-id-meta":"","stick-header-meta":"","header-above-stick-meta":"","header-main-stick-meta":"","header-below-stick-meta":"","astra-migrate-meta-layouts":"default","ast-page-background-enabled":"default","ast-page-background-meta":{"desktop":{"background-color":"","background-image":"","background-repeat":"repeat","background-position":"center center","background-size":"auto","background-attachment":"scroll","background-type":"","background-media":"","overlay-type":"","overlay-color":"","overlay-opacity":"","overlay-gradient":""},"tablet":{"background-color":"","background-image":"","background-repeat":"repeat","background-position":"center center","background-size":"auto","background-attachment":"scroll","background-type":"","background-media":"","overlay-type":"","overlay-color":"","overlay-opacity":"","overlay-gradient":""},"mobile":{"background-color":"","background-image":"","background-repeat":"repeat","background-position":"center center","background-size":"auto","background-attachment":"scroll","background-type":"","background-media":"","overlay-type":"","overlay-color":"","overlay-opacity":"","overlay-gradient":""}},"ast-content-background-meta":{"desktop":{"background-color":"var(--ast-global-color-5)","background-image":"","background-repeat":"repeat","background-position":"center center","background-size":"auto","background-attachment":"scroll","background-type":"","background-media":"","overlay-type":"","overlay-color":"","overlay-opacity":"","overlay-gradient":""},"tablet":{"background-color":"var(--ast-global-color-5)","background-image":"","background-repeat":"repeat","background-position":"center center","background-size":"auto","background-attachment":"scroll","background-type":"","background-media":"","overlay-type":"","overlay-color":"","overlay-opacity":"","overlay-gradient":""},"mobile":{"background-color":"var(--ast-global-color-5)","background-image":"","background-repeat":"repeat","background-position":"center center","background-size":"auto","background-attachment":"scroll","background-type":"","background-media":"","overlay-type":"","overlay-color":"","overlay-opacity":"","overlay-gradient":""}},"footnotes":""},"class_list":["post-621","page","type-page","status-publish","hentry"],"uagb_featured_image_src":{"full":false,"thumbnail":false,"medium":false,"medium_large":false,"large":false,"1536x1536":false,"2048x2048":false,"trp-custom-language-flag":false,"woocommerce_thumbnail":false,"woocommerce_single":false,"woocommerce_gallery_thumbnail":false},"uagb_author_info":{"display_name":"Mara","author_link":"https:\/\/thewellnessways.com\/it\/author\/marabianchiniholistictherapist\/"},"uagb_comment_info":0,"uagb_excerpt":"About Mara Answer the question &#8220;Who am I?&#8221; it can be difficult, since we often identify with the work we do, losing sight of who we really are. I could define myself through all the courses of study undertaken, diplomas, certificates, masters, etc., but I am simply a human being named Mara Bianchini, I am&hellip;","_links":{"self":[{"href":"https:\/\/thewellnessways.com\/it\/wp-json\/wp\/v2\/pages\/621","targetHints":{"allow":["GET"]}}],"collection":[{"href":"https:\/\/thewellnessways.com\/it\/wp-json\/wp\/v2\/pages"}],"about":[{"href":"https:\/\/thewellnessways.com\/it\/wp-json\/wp\/v2\/types\/page"}],"author":[{"embeddable":true,"href":"https:\/\/thewellnessways.com\/it\/wp-json\/wp\/v2\/users\/1"}],"replies":[{"embeddable":true,"href":"https:\/\/thewellnessways.com\/it\/wp-json\/wp\/v2\/comments?post=621"}],"version-history":[{"count":223,"href":"https:\/\/thewellnessways.com\/it\/wp-json\/wp\/v2\/pages\/621\/revisions"}],"predecessor-version":[{"id":3772,"href":"https:\/\/thewellnessways.com\/it\/wp-json\/wp\/v2\/pages\/621\/revisions\/3772"}],"wp:attachment":[{"href":"https:\/\/thewellnessways.com\/it\/wp-json\/wp\/v2\/media?parent=621"}],"curies":[{"name":"wp","href":"https:\/\/api.w.org\/{rel}","templated":true}]}}